{"id":175,"date":"2019-05-08T12:58:44","date_gmt":"2019-05-08T10:58:44","guid":{"rendered":"http:\/\/cremer.cloth.be\/?page_id=175"},"modified":"2021-04-28T10:13:18","modified_gmt":"2021-04-28T08:13:18","slug":"protection-des-donnees","status":"publish","type":"page","link":"https:\/\/cremerfelix.be\/fr\/protection-des-donnees\/","title":{"rendered":"Protection des donn\u00e9es"},"content":{"rendered":"<p>Responsable de la collecte, du traitement et de l&rsquo;utilisation de vos donn\u00e9es personnelles au sens de l&rsquo;article 4 n \u00b0 7 du RGPD<\/p>\n<p><strong>Felix Cremer<\/strong><br \/>\nAhornweg 5<br \/>\n4700 Eupen<br \/>\nBelgien<\/p>\n<p>Tel. 087 56 95 03<br \/>\ninfo@cremerfelix.be<\/p>\n<p>Si vous souhaitez vous opposer \u00e0 la collecte, le traitement ou l&rsquo;utilisation de vos informations par nous conform\u00e9ment \u00e0 la pr\u00e9sente Politique de confidentialit\u00e9 dans son ensemble ou pour des mesures individuelles, vous pouvez adresser votre objection \u00e0 la personne responsable.<\/p>\n<p>Cette politique de confidentialit\u00e9 est destin\u00e9e \u00e0 informer les utilisateurs de ce site Web sur la nature, la port\u00e9e et le but de la collecte et l&rsquo;utilisation de donn\u00e9es personnelles par l&rsquo;op\u00e9rateur du site.<\/p>\n<p>L&rsquo;op\u00e9rateur du site Web prend votre vie priv\u00e9e tr\u00e8s au s\u00e9rieux et traitera vos informations personnelles de mani\u00e8re confidentielle et conform\u00e9ment \u00e0 la loi. \u00c9tant donn\u00e9 que des modifications \u00e0 cette politique de confidentialit\u00e9 peuvent \u00eatre apport\u00e9es par le biais de nouvelles technologies et de l&rsquo;\u00e9volution continue de ce site, nous vous encourageons \u00e0 consulter r\u00e9guli\u00e8rement la politique de confidentialit\u00e9.<\/p>\n<p>Les d\u00e9finitions des termes utilis\u00e9s (par exemple \u00ab\u00a0donn\u00e9es personnelles\u00a0\u00bb ou \u00ab\u00a0traitement\u00a0\u00bb) se trouvent dans l&rsquo;article 4 du RGPD.<\/p>\n<h2>Effacement des donn\u00e9es et dur\u00e9e de stockage<\/h2>\n<p>Les donn\u00e9es personnelles de la personne concern\u00e9e seront supprim\u00e9es ou bloqu\u00e9es d\u00e8s que l&rsquo;objectif du stockage sera supprim\u00e9. En outre, un tel stockage peut \u00eatre pr\u00e9vu par le l\u00e9gislateur europ\u00e9en ou national dans les r\u00e8glements, lois ou autres r\u00e9glementations de l&rsquo;UE auxquels le contr\u00f4leur est soumis. Le blocage ou la suppression des donn\u00e9es intervient \u00e9galement lorsqu&rsquo;une p\u00e9riode de stockage prescrite par les normes mentionn\u00e9es expire, \u00e0 moins qu&rsquo;il ne soit n\u00e9cessaire de conserver les donn\u00e9es pour la conclusion d&rsquo;un contrat ou l&rsquo;ex\u00e9cution du contrat.<\/p>\n<h2>Donn\u00e9es d&rsquo;acc\u00e8s<\/h2>\n<p>Nous, l&rsquo;op\u00e9rateur de site Web ou fournisseur de site, \u00e9levons \u00e0 cause de notre int\u00e9r\u00eat l\u00e9gitime (art. Art. 6 par. 1, point f. RGPD) des donn\u00e9es sur l&rsquo;acc\u00e8s au site et l&rsquo;enregistrer comme un \u00ab logs du serveur \u00bb sur le serveur du site \u00e0 partir. Les donn\u00e9es suivantes sont consign\u00e9es:<\/p>\n<ul>\n<li>Site visit\u00e9<\/li>\n<li>Heure au moment de l&rsquo;acc\u00e8s<\/li>\n<li>Quantit\u00e9 de donn\u00e9es envoy\u00e9es en octets<\/li>\n<li>Source \/ r\u00e9f\u00e9rence \u00e0 partir de laquelle vous \u00eates arriv\u00e9 sur la page<\/li>\n<li>Navigateur utilis\u00e9<\/li>\n<li>Syst\u00e8me d&rsquo;exploitation utilis\u00e9<\/li>\n<li>Adresse IP utilis\u00e9e<\/li>\n<\/ul>\n<p>Les fichiers log du serveur sont stock\u00e9s pendant un maximum de 180 jours, puis supprim\u00e9s. Le stockage des donn\u00e9es est fait pour des raisons de s\u00e9curit\u00e9, pour clarifier les cas d&rsquo;abus. Si les donn\u00e9es doivent \u00eatre r\u00e9voqu\u00e9es pour des raisons de preuve, elles sont exclues de la suppression jusqu&rsquo;\u00e0 ce que l&rsquo;incident ait \u00e9t\u00e9 d\u00e9finitivement clarifi\u00e9.<\/p>\n<p>La collecte de donn\u00e9es pour la mise \u00e0 disposition du site Web et le stockage des donn\u00e9es dans des fichiers log est essentielle pour le fonctionnement du site Web. Il n&rsquo;y a donc aucune contradiction de la part de l&rsquo;utilisateur.<\/p>\n<h2>Mesure de port\u00e9e et cookies<\/h2>\n<p>Ce site utilise des cookies pour la mesure de port\u00e9e pseudonymis\u00e9e, qui sont transmis depuis notre serveur ou le serveur tiers vers le navigateur de l&rsquo;utilisateur. Les cookies sont de petits fichiers stock\u00e9s sur votre appareil. Votre navigateur acc\u00e8de \u00e0 ces fichiers. L&rsquo;utilisation de cookies augmente la convivialit\u00e9 et la s\u00e9curit\u00e9 de ce site.<\/p>\n<p>Si vous ne souhaitez pas enregistrer de cookies de mesure de distance sur votre appareil, vous pouvez vous opposer \u00e0 l&rsquo;utilisation de ces fichiers ici:<\/p>\n<p>La page de d\u00e9sactivation des cookies de la Network Advertising Initiative:<\/p>\n<ul>\n<li><a href=\"http:\/\/optout.networkadvertising.org\/?c=1#!\/\">http:\/\/optout.networkadvertising.org\/?c=1#!\/<\/a><\/li>\n<li>Page de d\u00e9sactivation des cookies du site web am\u00e9ricain:<br \/>\n<a href=\"http:\/\/optout.aboutads.info\/?c=2#!\/\">http:\/\/optout.aboutads.info\/?c=2#!\/<\/a><\/li>\n<li>Page de d\u00e9sactivation des cookies du site web europ\u00e9en:<br \/>\n<a href=\"http:\/\/optout.networkadvertising.org\/?c=1#!\/\">http:\/\/optout.networkadvertising.org\/?c=1#!\/<\/a><\/li>\n<\/ul>\n<p>Les navigateurs populaires offrent l&rsquo;option de ne pas autoriser les cookies. Note: Il n&rsquo;y a aucune garantie que vous serez en mesure d&rsquo;acc\u00e9der \u00e0 toutes les fonctions de ce site sans restrictions si vous faites les r\u00e9glages appropri\u00e9s.<\/p>\n<p>Nous utilisons des cookies pour rendre notre site Web plus convivial. Certains \u00e9l\u00e9ments de notre site requi\u00e8rent que le navigateur appelant soit identifi\u00e9 m\u00eame apr\u00e8s un saut de page.<\/p>\n<p>Les donn\u00e9es suivantes sont stock\u00e9es et transmises dans les cookies:<\/p>\n<ul>\n<li>les param\u00e8tres de langue<\/li>\n<li>Article dans un panier<\/li>\n<li>Informations de connexion<\/li>\n<\/ul>\n<h2>Collecte et traitement des donn\u00e9es personnelles<\/h2>\n<p>L&rsquo;op\u00e9rateur du site recueille, utilise et transf\u00e8re vos donn\u00e9es personnelles uniquement si cela est autoris\u00e9 par la loi ou si vous consentez \u00e0 la collecte de donn\u00e9es.<\/p>\n<p>Les informations personnelles d\u00e9signent toutes les informations utilis\u00e9es pour identifier votre personne et qui peuvent vous \u00eatre attribu\u00e9es, telles que votre nom, votre adresse e-mail et votre num\u00e9ro de t\u00e9l\u00e9phone.<\/p>\n<p>Vous pouvez \u00e9galement visiter ce site sans donner aucune information personnelle. Pour am\u00e9liorer notre offre en ligne, cependant, nous (sans r\u00e9f\u00e9rence personnelle) stockons vos donn\u00e9es d&rsquo;acc\u00e8s sur ce site. Ces donn\u00e9es d&rsquo;acc\u00e8s incluent z. Par exemple, le fichier que vous avez demand\u00e9 ou le nom de votre fournisseur de services Internet. En raison de l&rsquo;anonymisation des donn\u00e9es, les conclusions sur votre personne ne sont pas possibles.<\/p>\n<ol>\n<li><strong>Quoi?<\/strong>\u00a0\u2013 Nous traitons les donn\u00e9es personnelles telles que le pr\u00e9nom, le nom, l&rsquo;adresse IP, l&rsquo;adresse e-mail, le lieu de r\u00e9sidence, le code postal et le contenu du formulaire de contact.<\/li>\n<li><strong>Comment?<\/strong>\u00a0\u2013 Nous traitons les donn\u00e9es personnelles uniquement avec l&rsquo;autorisation expresse des utilisateurs concern\u00e9s et conform\u00e9ment aux r\u00e9glementations applicables en mati\u00e8re de protection des donn\u00e9es.<\/li>\n<li><strong>Pourquoi?<\/strong>\u00a0\u2013 Le traitement des donn\u00e9es personnelles est bas\u00e9 sur notre int\u00e9r\u00eat l\u00e9gitime \u00e0 remplir nos services contractuellement convenus et \u00e0 optimiser nos services en ligne.<\/li>\n<\/ol>\n<h2>Formulaire de contact et contact par e-mail<\/h2>\n<p>Sur notre site Web est un formulaire de contact disponible, qui peut \u00eatre utilis\u00e9 pour un contact \u00e9lectronique. Si un utilisateur utilise cette option, les donn\u00e9es saisies dans le masque de saisie nous seront transmises et sauvegard\u00e9es.<\/p>\n<p>Alternativement, le contact via l&rsquo;adresse e-mail fournie est possible. Dans ce cas, les donn\u00e9es personnelles de l&rsquo;utilisateur transmises par e-mail seront stock\u00e9es.<\/p>\n<p>Dans ce contexte, il n&rsquo;y a pas de divulgation des donn\u00e9es \u00e0 des tiers. Les donn\u00e9es sont utilis\u00e9es exclusivement pour le traitement de la conversation.<\/p>\n<p>La base juridique pour le traitement des donn\u00e9es est en pr\u00e9sence du consentement de l&rsquo;utilisateur Art 6 paragraphe 1 lit. un GDPR.<\/p>\n<p>La base juridique pour le traitement des donn\u00e9es transmises lors de l&rsquo;envoi d&rsquo;un e-mail est l&rsquo;article 6 (1) allum\u00e9. f GDPR. Si le contact par e-mail vise \u00e0 conclure un contrat, la base juridique suppl\u00e9mentaire pour le traitement est l&rsquo;article 6, paragraphe 1, lit. b GDPR.<\/p>\n<p>Le traitement des donn\u00e9es personnelles \u00e0 partir du masque de saisie ne nous sert qu&rsquo;\u00e0 traiter le contact. Dans le cas d&rsquo;un contact par e-mail, cela inclut \u00e9galement l&rsquo;int\u00e9r\u00eat l\u00e9gitime requis dans le traitement des donn\u00e9es.<br \/>\nLes autres donn\u00e9es personnelles trait\u00e9es au cours du processus d&rsquo;envoi servent \u00e0 emp\u00eacher une utilisation abusive du formulaire de contact et \u00e0 assurer la s\u00e9curit\u00e9 de nos syst\u00e8mes informatiques.<\/p>\n<p>Les donn\u00e9es seront supprim\u00e9es d\u00e8s qu&rsquo;elles ne seront plus n\u00e9cessaires aux fins de leur collecte. Pour les donn\u00e9es personnelles du formulaire de saisie du formulaire de contact et celles envoy\u00e9es par e-mail, c&rsquo;est le cas lorsque la conversation respective avec l&rsquo;utilisateur est termin\u00e9e. La conversation est termin\u00e9e lorsqu&rsquo;il peut \u00eatre d\u00e9duit des circonstances que les faits pertinents ont \u00e9t\u00e9 finalement clarifi\u00e9s.<\/p>\n<p>L&rsquo;utilisateur a la possibilit\u00e9 \u00e0 tout moment de r\u00e9voquer son consentement au traitement des donn\u00e9es personnelles. Si l&rsquo;utilisateur nous contacte par e-mail, il peut s&rsquo;opposer au stockage de ses donn\u00e9es personnelles \u00e0 tout moment. Dans un tel cas, la conversation ne peut pas continuer.<\/p>\n","protected":false},"excerpt":{"rendered":"<p>Responsable de la collecte, du traitement et de l&rsquo;utilisation de vos donn\u00e9es personnelles au sens de l&rsquo;article 4 n \u00b0 7 du RGPD Felix Cremer Ahornweg 5 4700 Eupen Belgien Tel. 087 56 95 03 info@cremerfelix.be Si vous souhaitez vous opposer \u00e0 la collecte, le traitement ou l&rsquo;utilisation de vos informations par nous conform\u00e9ment \u00e0 [&hellip;]<\/p>\n","protected":false},"author":1,"featured_media":0,"parent":0,"menu_order":0,"comment_status":"closed","ping_status":"closed","template":"template-sub-site.php","meta":{"_acf_changed":false,"inline_featured_image":false,"footnotes":""},"class_list":["post-175","page","type-page","status-publish","hentry"],"acf":[],"_links":{"self":[{"href":"https:\/\/cremerfelix.be\/fr\/wp-json\/wp\/v2\/pages\/175","targetHints":{"allow":["GET"]}}],"collection":[{"href":"https:\/\/cremerfelix.be\/fr\/wp-json\/wp\/v2\/pages"}],"about":[{"href":"https:\/\/cremerfelix.be\/fr\/wp-json\/wp\/v2\/types\/page"}],"author":[{"embeddable":true,"href":"https:\/\/cremerfelix.be\/fr\/wp-json\/wp\/v2\/users\/1"}],"replies":[{"embeddable":true,"href":"https:\/\/cremerfelix.be\/fr\/wp-json\/wp\/v2\/comments?post=175"}],"version-history":[{"count":6,"href":"https:\/\/cremerfelix.be\/fr\/wp-json\/wp\/v2\/pages\/175\/revisions"}],"predecessor-version":[{"id":209,"href":"https:\/\/cremerfelix.be\/fr\/wp-json\/wp\/v2\/pages\/175\/revisions\/209"}],"wp:attachment":[{"href":"https:\/\/cremerfelix.be\/fr\/wp-json\/wp\/v2\/media?parent=175"}],"curies":[{"name":"wp","href":"https:\/\/api.w.org\/{rel}","templated":true}]}}